{"id":453,"date":"2020-06-24T10:52:41","date_gmt":"2020-06-24T09:52:41","guid":{"rendered":"https:\/\/www.mastercampingcar.com\/?page_id=453"},"modified":"2024-07-06T08:06:19","modified_gmt":"2024-07-06T07:06:19","slug":"les-vehicules-exposes","status":"publish","type":"page","link":"https:\/\/www.mastercampingcar.com\/index.php\/les-vehicules-exposes\/","title":{"rendered":"Les v\u00e9hicules expos\u00e9s"},"content":{"rendered":"<p><a href=\"https:\/\/www.campingcarfrance.com\/camping-car\/\" target=\"_blank\" rel=\"noopener\"><br \/>\n<img decoding=\"async\" width=\"847\" height=\"475\" src=\"https:\/\/www.mastercampingcar.com\/wp-content\/uploads\/2022\/07\/Pilote_G740_Expression_Packshot-1024x574.png\" alt=\"\" loading=\"lazy\" srcset=\"https:\/\/www.mastercampingcar.com\/wp-content\/uploads\/2022\/07\/Pilote_G740_Expression_Packshot-1024x574.png 1024w, https:\/\/www.mastercampingcar.com\/wp-content\/uploads\/2022\/07\/Pilote_G740_Expression_Packshot-300x168.png 300w, https:\/\/www.mastercampingcar.com\/wp-content\/uploads\/2022\/07\/Pilote_G740_Expression_Packshot-768x430.png 768w, https:\/\/www.mastercampingcar.com\/wp-content\/uploads\/2022\/07\/Pilote_G740_Expression_Packshot-1536x861.png 1536w, https:\/\/www.mastercampingcar.com\/wp-content\/uploads\/2022\/07\/Pilote_G740_Expression_Packshot-2048x1148.png 2048w\" sizes=\"(max-width: 847px) 100vw, 847px\">\t\t\t\t\t\t\t\t<\/a><\/p>\n<h4>Camping-cars<\/h4>\n<p><a href=\"https:\/\/www.campingcarfrance.com\/fourgon\/\" target=\"_blank\" rel=\"noopener\"><br \/>\n<img decoding=\"async\" width=\"847\" height=\"482\" src=\"https:\/\/www.mastercampingcar.com\/wp-content\/uploads\/2022\/07\/MENFYS-VAN1-EXT.2020-1024x583.png\" alt=\"\" loading=\"lazy\" srcset=\"https:\/\/www.mastercampingcar.com\/wp-content\/uploads\/2022\/07\/MENFYS-VAN1-EXT.2020-1024x583.png 1024w, https:\/\/www.mastercampingcar.com\/wp-content\/uploads\/2022\/07\/MENFYS-VAN1-EXT.2020-300x171.png 300w, https:\/\/www.mastercampingcar.com\/wp-content\/uploads\/2022\/07\/MENFYS-VAN1-EXT.2020-768x437.png 768w, https:\/\/www.mastercampingcar.com\/wp-content\/uploads\/2022\/07\/MENFYS-VAN1-EXT.2020.png 1200w\" sizes=\"(max-width: 847px) 100vw, 847px\">\t\t\t\t\t\t\t\t<\/a><\/p>\n<h4>Fourgons<\/h4>\n<p><a href=\"https:\/\/www.campingcarfrance.com\/van-amenage\/\" target=\"_blank\" rel=\"noopener\"><br \/>\n<img decoding=\"async\" src=\"https:\/\/www.mastercampingcar.com\/wp-content\/uploads\/elementor\/thumbs\/van_orange-sanguine_detoure-ps1frrauf48ji1pw8jlgay0gxkm4qnjrm57534zije.png\" title=\"van_orange-sanguine_detour\u00e9\" alt=\"van_orange-sanguine_detour\u00e9\" loading=\"lazy\">\t\t\t\t\t\t\t\t<\/a><\/p>\n<h4>Vans<\/h4>\n<p><a href=\"https:\/\/www.campingcarfrance.com\/caravane\/\" target=\"_blank\" rel=\"noopener\"><br \/>\n<img decoding=\"async\" width=\"847\" height=\"541\" src=\"https:\/\/www.mastercampingcar.com\/wp-content\/uploads\/2020\/06\/ERIBA_Living_525_3_4_Frontansicht-1024x654.jpg\" alt=\"\" loading=\"lazy\" srcset=\"https:\/\/www.mastercampingcar.com\/wp-content\/uploads\/2020\/06\/ERIBA_Living_525_3_4_Frontansicht-1024x654.jpg 1024w, https:\/\/www.mastercampingcar.com\/wp-content\/uploads\/2020\/06\/ERIBA_Living_525_3_4_Frontansicht-300x192.jpg 300w, https:\/\/www.mastercampingcar.com\/wp-content\/uploads\/2020\/06\/ERIBA_Living_525_3_4_Frontansicht-768x491.jpg 768w, https:\/\/www.mastercampingcar.com\/wp-content\/uploads\/2020\/06\/ERIBA_Living_525_3_4_Frontansicht-80x50.jpg 80w, https:\/\/www.mastercampingcar.com\/wp-content\/uploads\/2020\/06\/ERIBA_Living_525_3_4_Frontansicht.jpg 1100w\" sizes=\"(max-width: 847px) 100vw, 847px\">\t\t\t\t\t\t\t\t<\/a><\/p>\n<h4>Caravanes<\/h4>\n<p><a href=\"https:\/\/www.campingcarfrance.com\/vehicules\/\"><br \/>\nRechercher un v\u00e9hicule<br \/>\n<\/a><\/p>\n","protected":false},"excerpt":{"rendered":"<p>D\u00e9couvrez les mod\u00e8les expos\u00e9s au master camping-car de Rouen sur notre site d&rsquo;annonces. Attention tous les mod\u00e8les expos\u00e9s ne sont pas pr\u00e9sents sur le site.<\/p>\n","protected":false},"author":1,"featured_media":890,"parent":0,"menu_order":0,"comment_status":"closed","ping_status":"closed","template":"","meta":{"saved_in_kubio":false,"content-type":"","_monsterinsights_skip_tracking":false,"_monsterinsights_sitenote_active":false,"_monsterinsights_sitenote_note":"","_monsterinsights_sitenote_category":0,"footnotes":""},"aioseo_notices":[],"kubio_ai_page_context":{"short_desc":"","purpose":"general"},"_links":{"self":[{"href":"https:\/\/www.mastercampingcar.com\/index.php\/wp-json\/wp\/v2\/pages\/453"}],"collection":[{"href":"https:\/\/www.mastercampingcar.com\/index.php\/wp-json\/wp\/v2\/pages"}],"about":[{"href":"https:\/\/www.mastercampingcar.com\/index.php\/wp-json\/wp\/v2\/types\/page"}],"author":[{"embeddable":true,"href":"https:\/\/www.mastercampingcar.com\/index.php\/wp-json\/wp\/v2\/users\/1"}],"replies":[{"embeddable":true,"href":"https:\/\/www.mastercampingcar.com\/index.php\/wp-json\/wp\/v2\/comments?post=453"}],"version-history":[{"count":33,"href":"https:\/\/www.mastercampingcar.com\/index.php\/wp-json\/wp\/v2\/pages\/453\/revisions"}],"predecessor-version":[{"id":1339,"href":"https:\/\/www.mastercampingcar.com\/index.php\/wp-json\/wp\/v2\/pages\/453\/revisions\/1339"}],"wp:featuredmedia":[{"embeddable":true,"href":"https:\/\/www.mastercampingcar.com\/index.php\/wp-json\/wp\/v2\/media\/890"}],"wp:attachment":[{"href":"https:\/\/www.mastercampingcar.com\/index.php\/wp-json\/wp\/v2\/media?parent=453"}],"curies":[{"name":"wp","href":"https:\/\/api.w.org\/{rel}","templated":true}]}}